{"id":2245,"date":"2019-01-31T07:16:03","date_gmt":"2019-01-31T05:16:03","guid":{"rendered":"https:\/\/www.estmidt.ee\/2019\/?page_id=2245"},"modified":"2020-11-08T22:37:25","modified_gmt":"2020-11-08T20:37:25","slug":"koostoopartnerid","status":"publish","type":"page","link":"https:\/\/estmidt.ee\/ru\/kontakt\/koostoopartnerid\/","title":{"rendered":"\u041d\u0430\u0448\u0438 \u043f\u0430\u0440\u0442\u043d\u0451\u0440\u044b"},"content":{"rendered":"\n<figure class=\"wp-block-gallery columns-5  aligncenter wp-block-gallery-1\"><ul class=\"blocks-gallery-grid\"><li class=\"blocks-gallery-item\"><figure><img loading=\"lazy\" decoding=\"async\" width=\"162\" height=\"25\" src=\"data:image\/gif;base64,R0lGODlhAQABAAAAACH5BAEKAAEALAAAAAABAAEAAAICTAEAOw==\" alt=\"\" data-id=\"2141\" data-full-url=\"https:\/\/estmidt.ee\/wp-content\/uploads\/2019\/01\/gagg.png\" data-link=\"https:\/\/estmidt.ee\/ru\/gagg-2\/\" class=\"wp-image-2141 lazyload\" data-src=\"https:\/\/estmidt.ee\/wp-content\/uploads\/2019\/01\/gagg.png\"><\/figure><\/li><li class=\"blocks-gallery-item\"><figure><img loading=\"lazy\" decoding=\"async\" width=\"111\" height=\"26\" src=\"data:image\/gif;base64,R0lGODlhAQABAAAAACH5BAEKAAEALAAAAAABAAEAAAICTAEAOw==\" alt=\"\" data-id=\"2133\" data-full-url=\"https:\/\/estmidt.ee\/wp-content\/uploads\/2019\/01\/bosh.png\" data-link=\"https:\/\/estmidt.ee\/ru\/bosh-2\/\" class=\"wp-image-2133 lazyload\" data-src=\"https:\/\/estmidt.ee\/wp-content\/uploads\/2019\/01\/bosh.png\"><\/figure><\/li><li class=\"blocks-gallery-item\"><figure><img loading=\"lazy\" decoding=\"async\" width=\"129\" height=\"25\" src=\"data:image\/gif;base64,R0lGODlhAQABAAAAACH5BAEKAAEALAAAAAABAAEAAAICTAEAOw==\" alt=\"\" data-id=\"2131\" data-full-url=\"https:\/\/estmidt.ee\/wp-content\/uploads\/2019\/01\/bora.jpg\" data-link=\"https:\/\/estmidt.ee\/ru\/bora-2\/\" class=\"wp-image-2131 lazyload\" data-src=\"https:\/\/estmidt.ee\/wp-content\/uploads\/2019\/01\/bora.jpg\"><\/figure><\/li><li class=\"blocks-gallery-item\"><figure><img loading=\"lazy\" decoding=\"async\" width=\"100\" height=\"25\" src=\"data:image\/gif;base64,R0lGODlhAQABAAAAACH5BAEKAAEALAAAAAABAAEAAAICTAEAOw==\" alt=\"\" data-id=\"2147\" data-full-url=\"https:\/\/estmidt.ee\/wp-content\/uploads\/2019\/01\/miele.png\" data-link=\"https:\/\/estmidt.ee\/ru\/miele-2\/\" class=\"wp-image-2147 lazyload\" data-src=\"https:\/\/estmidt.ee\/wp-content\/uploads\/2019\/01\/miele.png\"><\/figure><\/li><li class=\"blocks-gallery-item\"><figure><img loading=\"lazy\" decoding=\"async\" width=\"121\" height=\"28\" src=\"data:image\/gif;base64,R0lGODlhAQABAAAAACH5BAEKAAEALAAAAAABAAEAAAICTAEAOw==\" alt=\"\" data-id=\"2153\" data-full-url=\"https:\/\/estmidt.ee\/wp-content\/uploads\/2019\/01\/smeg.png\" data-link=\"https:\/\/estmidt.ee\/ru\/smeg-2\/\" class=\"wp-image-2153 lazyload\" data-src=\"https:\/\/estmidt.ee\/wp-content\/uploads\/2019\/01\/smeg.png\"><\/figure><\/li><li class=\"blocks-gallery-item\"><figure><img loading=\"lazy\" decoding=\"async\" width=\"111\" height=\"26\" src=\"data:image\/gif;base64,R0lGODlhAQABAAAAACH5BAEKAAEALAAAAAABAAEAAAICTAEAOw==\" alt=\"\" data-id=\"2123\" data-full-url=\"https:\/\/estmidt.ee\/wp-content\/uploads\/2019\/01\/aeg.png\" data-link=\"https:\/\/estmidt.ee\/ru\/aeg-2\/\" class=\"wp-image-2123 lazyload\" data-src=\"https:\/\/estmidt.ee\/wp-content\/uploads\/2019\/01\/aeg.png\"><\/figure><\/li><li class=\"blocks-gallery-item\"><figure><img loading=\"lazy\" decoding=\"async\" width=\"583\" height=\"71\" src=\"data:image\/gif;base64,R0lGODlhAQABAAAAACH5BAEKAAEALAAAAAABAAEAAAICTAEAOw==\" alt=\"\" data-id=\"2125\" data-full-url=\"https:\/\/estmidt.ee\/wp-content\/uploads\/2019\/01\/amanjeda.png\" data-link=\"https:\/\/estmidt.ee\/ru\/amanjeda-2\/\" class=\"wp-image-2125 lazyload\" sizes=\"auto, (max-width: 583px) 100vw, 583px\" data-src=\"https:\/\/estmidt.ee\/wp-content\/uploads\/2019\/01\/amanjeda.png\" data-srcset=\"https:\/\/estmidt.ee\/wp-content\/uploads\/2019\/01\/amanjeda.png 583w, https:\/\/estmidt.ee\/wp-content\/uploads\/2019\/01\/amanjeda-520x63.png 520w\"><\/figure><\/li><li class=\"blocks-gallery-item\"><figure><img loading=\"lazy\" decoding=\"async\" width=\"144\" height=\"36\" src=\"data:image\/gif;base64,R0lGODlhAQABAAAAACH5BAEKAAEALAAAAAABAAEAAAICTAEAOw==\" alt=\"\" data-id=\"2127\" data-full-url=\"https:\/\/estmidt.ee\/wp-content\/uploads\/2019\/01\/astlanda.jpg\" data-link=\"https:\/\/estmidt.ee\/ru\/astlanda-2\/\" class=\"wp-image-2127 lazyload\" data-src=\"https:\/\/estmidt.ee\/wp-content\/uploads\/2019\/01\/astlanda.jpg\"><\/figure><\/li><li class=\"blocks-gallery-item\"><figure><img loading=\"lazy\" decoding=\"async\" width=\"225\" height=\"26\" src=\"data:image\/gif;base64,R0lGODlhAQABAAAAACH5BAEKAAEALAAAAAABAAEAAAICTAEAOw==\" alt=\"\" data-id=\"2129\" data-full-url=\"https:\/\/estmidt.ee\/wp-content\/uploads\/2019\/01\/bolefloor.png\" data-link=\"https:\/\/estmidt.ee\/ru\/bolefloor-2\/\" class=\"wp-image-2129 lazyload\" data-src=\"https:\/\/estmidt.ee\/wp-content\/uploads\/2019\/01\/bolefloor.png\"><\/figure><\/li><li class=\"blocks-gallery-item\"><figure><img loading=\"lazy\" decoding=\"async\" width=\"85\" height=\"27\" src=\"data:image\/gif;base64,R0lGODlhAQABAAAAACH5BAEKAAEALAAAAAABAAEAAAICTAEAOw==\" alt=\"\" data-id=\"2139\" data-full-url=\"https:\/\/estmidt.ee\/wp-content\/uploads\/2019\/01\/franke.png\" data-link=\"https:\/\/estmidt.ee\/ru\/franke-2\/\" class=\"wp-image-2139 lazyload\" data-src=\"https:\/\/estmidt.ee\/wp-content\/uploads\/2019\/01\/franke.png\"><\/figure><\/li><li class=\"blocks-gallery-item\"><figure><img loading=\"lazy\" decoding=\"async\" width=\"181\" height=\"24\" src=\"data:image\/gif;base64,R0lGODlhAQABAAAAACH5BAEKAAEALAAAAAABAAEAAAICTAEAOw==\" alt=\"\" data-id=\"2135\" data-full-url=\"https:\/\/estmidt.ee\/wp-content\/uploads\/2019\/01\/electrolux.png\" data-link=\"https:\/\/estmidt.ee\/ru\/electrolux-2\/\" class=\"wp-image-2135 lazyload\" data-src=\"https:\/\/estmidt.ee\/wp-content\/uploads\/2019\/01\/electrolux.png\"><\/figure><\/li><li class=\"blocks-gallery-item\"><figure><img loading=\"lazy\" decoding=\"async\" width=\"134\" height=\"25\" src=\"data:image\/gif;base64,R0lGODlhAQABAAAAACH5BAEKAAEALAAAAAABAAEAAAICTAEAOw==\" alt=\"\" data-id=\"2137\" data-full-url=\"https:\/\/estmidt.ee\/wp-content\/uploads\/2019\/01\/falmec.png\" data-link=\"https:\/\/estmidt.ee\/ru\/falmec-2\/\" class=\"wp-image-2137 lazyload\" data-src=\"https:\/\/estmidt.ee\/wp-content\/uploads\/2019\/01\/falmec.png\"><\/figure><\/li><li class=\"blocks-gallery-item\"><figure><img loading=\"lazy\" decoding=\"async\" width=\"176\" height=\"43\" src=\"data:image\/gif;base64,R0lGODlhAQABAAAAACH5BAEKAAEALAAAAAABAAEAAAICTAEAOw==\" alt=\"\" data-id=\"2145\" data-full-url=\"https:\/\/estmidt.ee\/wp-content\/uploads\/2019\/01\/merko.png\" data-link=\"https:\/\/estmidt.ee\/ru\/merko-2\/\" class=\"wp-image-2145 lazyload\" data-src=\"https:\/\/estmidt.ee\/wp-content\/uploads\/2019\/01\/merko.png\"><\/figure><\/li><li class=\"blocks-gallery-item\"><figure><img loading=\"lazy\" decoding=\"async\" width=\"1024\" height=\"91\" src=\"data:image\/gif;base64,R0lGODlhAQABAAAAACH5BAEKAAEALAAAAAABAAEAAAICTAEAOw==\" alt=\"\" data-id=\"2143\" data-full-url=\"https:\/\/estmidt.ee\/wp-content\/uploads\/2019\/01\/hals.jpg\" data-link=\"https:\/\/estmidt.ee\/ru\/hals-interiors-2-1-cdr-2\/\" class=\"wp-image-2143 lazyload\" sizes=\"auto, (max-width: 1024px) 100vw, 1024px\" data-src=\"https:\/\/estmidt.ee\/wp-content\/uploads\/2019\/01\/hals-1024x91.jpg\" data-srcset=\"https:\/\/estmidt.ee\/wp-content\/uploads\/2019\/01\/hals-1024x91.jpg 1024w, https:\/\/estmidt.ee\/wp-content\/uploads\/2019\/01\/hals-520x46.jpg 520w, https:\/\/estmidt.ee\/wp-content\/uploads\/2019\/01\/hals.jpg 1849w\"><\/figure><\/li><li class=\"blocks-gallery-item\"><figure><img loading=\"lazy\" decoding=\"async\" width=\"610\" height=\"113\" src=\"data:image\/gif;base64,R0lGODlhAQABAAAAACH5BAEKAAEALAAAAAABAAEAAAICTAEAOw==\" alt=\"\" data-id=\"5842\" data-full-url=\"https:\/\/estmidt.ee\/wp-content\/uploads\/2019\/08\/LOGOrt.bmp\" data-link=\"https:\/\/estmidt.ee\/ru\/%d0%b3%d0%bb%d0%b0%d0%b2%d0%bd%d0%b0%d1%8f\/logort-2\/\" class=\"wp-image-5842 lazyload\" sizes=\"auto, (max-width: 610px) 100vw, 610px\" data-src=\"https:\/\/estmidt.ee\/wp-content\/uploads\/2019\/08\/LOGOrt.bmp\" data-srcset=\"https:\/\/estmidt.ee\/wp-content\/uploads\/2019\/08\/LOGOrt.bmp 610w, https:\/\/estmidt.ee\/wp-content\/uploads\/2019\/08\/LOGOrt-520x96.jpg 520w\"><\/figure><\/li><li class=\"blocks-gallery-item\"><figure><img loading=\"lazy\" decoding=\"async\" width=\"1024\" height=\"282\" src=\"data:image\/gif;base64,R0lGODlhAQABAAAAACH5BAEKAAEALAAAAAABAAEAAAICTAEAOw==\" alt=\"\" data-id=\"5838\" data-full-url=\"https:\/\/estmidt.ee\/wp-content\/uploads\/2019\/08\/DOMARE_k\u00fclili_n\u00e4idis-08.png\" data-link=\"https:\/\/estmidt.ee\/ru\/%d0%b3%d0%bb%d0%b0%d0%b2%d0%bd%d0%b0%d1%8f\/domare_kulili_naidis-08-2\/\" class=\"wp-image-5838 lazyload\" sizes=\"auto, (max-width: 1024px) 100vw, 1024px\" data-src=\"https:\/\/estmidt.ee\/wp-content\/uploads\/2019\/08\/DOMARE_k\u00fclili_n\u00e4idis-08-1024x282.png\" data-srcset=\"https:\/\/estmidt.ee\/wp-content\/uploads\/2019\/08\/DOMARE_k\u00fclili_n\u00e4idis-08-1024x282.png 1024w, https:\/\/estmidt.ee\/wp-content\/uploads\/2019\/08\/DOMARE_k\u00fclili_n\u00e4idis-08-520x143.png 520w\"><\/figure><\/li><li class=\"blocks-gallery-item\"><figure><img loading=\"lazy\" decoding=\"async\" width=\"53\" height=\"53\" src=\"data:image\/gif;base64,R0lGODlhAQABAAAAACH5BAEKAAEALAAAAAABAAEAAAICTAEAOw==\" alt=\"\" data-id=\"2149\" data-full-url=\"https:\/\/estmidt.ee\/wp-content\/uploads\/2019\/01\/sadam.png\" data-link=\"https:\/\/estmidt.ee\/ru\/sadam-2\/\" class=\"wp-image-2149 lazyload\" data-src=\"https:\/\/estmidt.ee\/wp-content\/uploads\/2019\/01\/sadam.png\"><\/figure><\/li><li class=\"blocks-gallery-item\"><figure><img loading=\"lazy\" decoding=\"async\" width=\"301\" height=\"92\" src=\"data:image\/gif;base64,R0lGODlhAQABAAAAACH5BAEKAAEALAAAAAABAAEAAAICTAEAOw==\" alt=\"\" data-id=\"5840\" data-full-url=\"https:\/\/estmidt.ee\/wp-content\/uploads\/2019\/08\/Uus_Maa_logo_RGB-1.jpg\" data-link=\"https:\/\/estmidt.ee\/ru\/%d0%b3%d0%bb%d0%b0%d0%b2%d0%bd%d0%b0%d1%8f\/uus_maa_logo_rgb-1-2\/\" class=\"wp-image-5840 lazyload\" data-src=\"https:\/\/estmidt.ee\/wp-content\/uploads\/2019\/08\/Uus_Maa_logo_RGB-1.jpg\"><\/figure><\/li><li class=\"blocks-gallery-item\"><figure><img loading=\"lazy\" decoding=\"async\" width=\"504\" height=\"100\" src=\"data:image\/gif;base64,R0lGODlhAQABAAAAACH5BAEKAAEALAAAAAABAAEAAAICTAEAOw==\" alt=\"\" data-id=\"5851\" data-full-url=\"https:\/\/estmidt.ee\/wp-content\/uploads\/2019\/08\/happy.png\" data-link=\"https:\/\/estmidt.ee\/ru\/%d0%b3%d0%bb%d0%b0%d0%b2%d0%bd%d0%b0%d1%8f\/happy-2\/\" class=\"wp-image-5851 lazyload\" data-src=\"https:\/\/estmidt.ee\/wp-content\/uploads\/2019\/08\/happy.png\"><\/figure><\/li><li class=\"blocks-gallery-item\"><figure><img loading=\"lazy\" decoding=\"async\" width=\"640\" height=\"186\" src=\"data:image\/gif;base64,R0lGODlhAQABAAAAACH5BAEKAAEALAAAAAABAAEAAAICTAEAOw==\" alt=\"\" data-id=\"6331\" data-full-url=\"https:\/\/estmidt.ee\/wp-content\/uploads\/2019\/11\/NEFF-logo-colors.jpeg\" data-link=\"https:\/\/estmidt.ee\/ru\/%d0%b3%d0%bb%d0%b0%d0%b2%d0%bd%d0%b0%d1%8f\/neff-logo-colors-2\/\" class=\"wp-image-6331 lazyload\" sizes=\"auto, (max-width: 640px) 100vw, 640px\" data-src=\"https:\/\/estmidt.ee\/wp-content\/uploads\/2019\/11\/NEFF-logo-colors.jpeg\" data-srcset=\"https:\/\/estmidt.ee\/wp-content\/uploads\/2019\/11\/NEFF-logo-colors.jpeg 640w, https:\/\/estmidt.ee\/wp-content\/uploads\/2019\/11\/NEFF-logo-colors-520x151.jpeg 520w\"><\/figure><\/li><li class=\"blocks-gallery-item\"><figure><img loading=\"lazy\" decoding=\"async\" width=\"80\" height=\"80\" src=\"data:image\/gif;base64,R0lGODlhAQABAAAAACH5BAEKAAEALAAAAAABAAEAAAICTAEAOw==\" alt=\"\" data-id=\"8666\" data-full-url=\"https:\/\/estmidt.ee\/wp-content\/uploads\/2020\/10\/21uus.bott_.jpg\" data-link=\"https:\/\/estmidt.ee\/ru\/%d0%b3%d0%bb%d0%b0%d0%b2%d0%bd%d0%b0%d1%8f\/21uus-bott-2\/\" class=\"wp-image-8666 lazyload\" data-src=\"https:\/\/estmidt.ee\/wp-content\/uploads\/2020\/10\/21uus.bott_.jpg\"><\/figure><\/li><li class=\"blocks-gallery-item\"><figure><img loading=\"lazy\" decoding=\"async\" width=\"201\" height=\"55\" src=\"data:image\/gif;base64,R0lGODlhAQABAAAAACH5BAEKAAEALAAAAAABAAEAAAICTAEAOw==\" alt=\"\" data-id=\"8674\" data-full-url=\"https:\/\/estmidt.ee\/wp-content\/uploads\/2020\/10\/prokapital.jpg\" data-link=\"https:\/\/estmidt.ee\/ru\/kontakt\/koostoopartnerid\/prokapital-2\/\" class=\"wp-image-8674 lazyload\" data-src=\"https:\/\/estmidt.ee\/wp-content\/uploads\/2020\/10\/prokapital.jpg\"><\/figure><\/li><li class=\"blocks-gallery-item\"><figure><img loading=\"lazy\" decoding=\"async\" width=\"150\" height=\"71\" src=\"data:image\/gif;base64,R0lGODlhAQABAAAAACH5BAEKAAEALAAAAAABAAEAAAICTAEAOw==\" alt=\"\" data-id=\"8664\" data-full-url=\"https:\/\/estmidt.ee\/wp-content\/uploads\/2020\/10\/321Jura_Logo.svg_.png\" data-link=\"https:\/\/estmidt.ee\/ru\/%d0%b3%d0%bb%d0%b0%d0%b2%d0%bd%d0%b0%d1%8f\/321jura_logo-svg-2\/\" class=\"wp-image-8664 lazyload\" data-src=\"https:\/\/estmidt.ee\/wp-content\/uploads\/2020\/10\/321Jura_Logo.svg_.png\"><\/figure><\/li><li class=\"blocks-gallery-item\"><figure><img loading=\"lazy\" decoding=\"async\" width=\"200\" height=\"47\" src=\"data:image\/gif;base64,R0lGODlhAQABAAAAACH5BAEKAAEALAAAAAABAAEAAAICTAEAOw==\" alt=\"\" data-id=\"8652\" data-full-url=\"https:\/\/estmidt.ee\/wp-content\/uploads\/2020\/10\/Dekton-Black-2.jpeg\" data-link=\"https:\/\/estmidt.ee\/ru\/%d0%b3%d0%bb%d0%b0%d0%b2%d0%bd%d0%b0%d1%8f\/dekton-black-2-2\/\" class=\"wp-image-8652 lazyload\" data-src=\"https:\/\/estmidt.ee\/wp-content\/uploads\/2020\/10\/Dekton-Black-2.jpeg\"><\/figure><\/li><li class=\"blocks-gallery-item\"><figure><img loading=\"lazy\" decoding=\"async\" width=\"578\" height=\"155\" src=\"data:image\/gif;base64,R0lGODlhAQABAAAAACH5BAEKAAEALAAAAAABAAEAAAICTAEAOw==\" alt=\"\" data-id=\"8923\" data-full-url=\"https:\/\/estmidt.ee\/wp-content\/uploads\/2020\/10\/43.jpg\" data-link=\"https:\/\/estmidt.ee\/ru\/%d0%b3%d0%bb%d0%b0%d0%b2%d0%bd%d0%b0%d1%8f\/43-5-2\/\" class=\"wp-image-8923 is-layout-flex wp-block-gallery-is-layout-flex lazyload\" sizes=\"auto, (max-width: 578px) 100vw, 578px\" data-src=\"https:\/\/estmidt.ee\/wp-content\/uploads\/2020\/10\/43.jpg\" data-srcset=\"https:\/\/estmidt.ee\/wp-content\/uploads\/2020\/10\/43.jpg 578w, https:\/\/estmidt.ee\/wp-content\/uploads\/2020\/10\/43-520x139.jpg 520w\"><\/figure><\/li><\/ul><\/figure>\n\n\n\n<p><\/p>\n","protected":false},"excerpt":{"rendered":"","protected":false},"author":4,"featured_media":0,"parent":269,"menu_order":0,"comment_status":"closed","ping_status":"closed","template":"","meta":{"_acf_changed":false,"advgb_blocks_editor_width":"","advgb_blocks_columns_visual_guide":"","footnotes":""},"class_list":["post-2245","page","type-page","status-publish","hentry"],"acf":[],"yoast_head":"<!-- This site is optimized with the Yoast SEO plugin v27.5 - https:\/\/yoast.com\/product\/yoast-seo-wordpress\/ -->\n<title>\u041d\u0430\u0448\u0438 \u043f\u0430\u0440\u0442\u043d\u0451\u0440\u044b | Schmidt<\/title>\n<meta name=\"robots\" content=\"index, follow, max-snippet:-1, max-image-preview:large, max-video-preview:-1\" \/>\n<link rel=\"canonical\" href=\"https:\/\/estmidt.ee\/ru\/kontakt\/koostoopartnerid\/\" \/>\n<meta property=\"og:locale\" content=\"ru_RU\" \/>\n<meta property=\"og:type\" content=\"article\" \/>\n<meta property=\"og:title\" content=\"\u041d\u0430\u0448\u0438 \u043f\u0430\u0440\u0442\u043d\u0451\u0440\u044b | Schmidt\" \/>\n<meta property=\"og:url\" content=\"https:\/\/estmidt.ee\/ru\/kontakt\/koostoopartnerid\/\" \/>\n<meta property=\"og:site_name\" content=\"Schmidt\" \/>\n<meta property=\"article:publisher\" content=\"https:\/\/www.facebook.com\/SchmidtEstonia\/\" \/>\n<meta property=\"article:modified_time\" content=\"2020-11-08T20:37:25+00:00\" \/>\n<meta property=\"og:image\" content=\"https:\/\/estmidt.ee\/wp-content\/uploads\/2019\/01\/gagg.png\" \/>\n<meta name=\"twitter:card\" content=\"summary_large_image\" \/>\n<script type=\"application\/ld+json\" class=\"yoast-schema-graph\">{\"@context\":\"https:\\\/\\\/schema.org\",\"@graph\":[{\"@type\":\"WebPage\",\"@id\":\"https:\\\/\\\/estmidt.ee\\\/ru\\\/kontakt\\\/koostoopartnerid\\\/\",\"url\":\"https:\\\/\\\/estmidt.ee\\\/ru\\\/kontakt\\\/koostoopartnerid\\\/\",\"name\":\"\u041d\u0430\u0448\u0438 \u043f\u0430\u0440\u0442\u043d\u0451\u0440\u044b | Schmidt\",\"isPartOf\":{\"@id\":\"https:\\\/\\\/estmidt.ee\\\/#website\"},\"primaryImageOfPage\":{\"@id\":\"https:\\\/\\\/estmidt.ee\\\/ru\\\/kontakt\\\/koostoopartnerid\\\/#primaryimage\"},\"image\":{\"@id\":\"https:\\\/\\\/estmidt.ee\\\/ru\\\/kontakt\\\/koostoopartnerid\\\/#primaryimage\"},\"thumbnailUrl\":\"https:\\\/\\\/estmidt.ee\\\/wp-content\\\/uploads\\\/2019\\\/01\\\/gagg.png\",\"datePublished\":\"2019-01-31T05:16:03+00:00\",\"dateModified\":\"2020-11-08T20:37:25+00:00\",\"breadcrumb\":{\"@id\":\"https:\\\/\\\/estmidt.ee\\\/ru\\\/kontakt\\\/koostoopartnerid\\\/#breadcrumb\"},\"inLanguage\":\"ru-RU\",\"potentialAction\":[{\"@type\":\"ReadAction\",\"target\":[\"https:\\\/\\\/estmidt.ee\\\/ru\\\/kontakt\\\/koostoopartnerid\\\/\"]}]},{\"@type\":\"ImageObject\",\"inLanguage\":\"ru-RU\",\"@id\":\"https:\\\/\\\/estmidt.ee\\\/ru\\\/kontakt\\\/koostoopartnerid\\\/#primaryimage\",\"url\":\"https:\\\/\\\/estmidt.ee\\\/wp-content\\\/uploads\\\/2019\\\/01\\\/gagg.png\",\"contentUrl\":\"https:\\\/\\\/estmidt.ee\\\/wp-content\\\/uploads\\\/2019\\\/01\\\/gagg.png\"},{\"@type\":\"BreadcrumbList\",\"@id\":\"https:\\\/\\\/estmidt.ee\\\/ru\\\/kontakt\\\/koostoopartnerid\\\/#breadcrumb\",\"itemListElement\":[{\"@type\":\"ListItem\",\"position\":1,\"name\":\"Home\",\"item\":\"https:\\\/\\\/estmidt.ee\\\/ru\\\/\"},{\"@type\":\"ListItem\",\"position\":2,\"name\":\"\u0413\u0434\u0435 \u043c\u044b \u043d\u0430\u0445\u043e\u0434\u0438\u043c\u0441\u044f\",\"item\":\"https:\\\/\\\/estmidt.ee\\\/ru\\\/kontakt\\\/\"},{\"@type\":\"ListItem\",\"position\":3,\"name\":\"\u041d\u0430\u0448\u0438 \u043f\u0430\u0440\u0442\u043d\u0451\u0440\u044b\"}]},{\"@type\":\"WebSite\",\"@id\":\"https:\\\/\\\/estmidt.ee\\\/#website\",\"url\":\"https:\\\/\\\/estmidt.ee\\\/\",\"name\":\"Schmidt\",\"description\":\"K\u00f6\u00f6gim\u00f6\u00f6bel Saksa kvaliteediga\",\"publisher\":{\"@id\":\"https:\\\/\\\/estmidt.ee\\\/#organization\"},\"potentialAction\":[{\"@type\":\"SearchAction\",\"target\":{\"@type\":\"EntryPoint\",\"urlTemplate\":\"https:\\\/\\\/estmidt.ee\\\/?s={search_term_string}\"},\"query-input\":{\"@type\":\"PropertyValueSpecification\",\"valueRequired\":true,\"valueName\":\"search_term_string\"}}],\"inLanguage\":\"ru-RU\"},{\"@type\":\"Organization\",\"@id\":\"https:\\\/\\\/estmidt.ee\\\/#organization\",\"name\":\"Estmidt Grupp O\u00dc\",\"url\":\"https:\\\/\\\/estmidt.ee\\\/\",\"logo\":{\"@type\":\"ImageObject\",\"inLanguage\":\"ru-RU\",\"@id\":\"https:\\\/\\\/estmidt.ee\\\/#\\\/schema\\\/logo\\\/image\\\/\",\"url\":\"https:\\\/\\\/estmidt.ee\\\/wp-content\\\/uploads\\\/2019\\\/03\\\/LOGO_CMJN.jpg\",\"contentUrl\":\"https:\\\/\\\/estmidt.ee\\\/wp-content\\\/uploads\\\/2019\\\/03\\\/LOGO_CMJN.jpg\",\"width\":1024,\"height\":256,\"caption\":\"Estmidt Grupp O\u00dc\"},\"image\":{\"@id\":\"https:\\\/\\\/estmidt.ee\\\/#\\\/schema\\\/logo\\\/image\\\/\"},\"sameAs\":[\"https:\\\/\\\/www.facebook.com\\\/SchmidtEstonia\\\/\",\"https:\\\/\\\/www.instagram.com\\\/schmidt.and.rm.estonia\\\/\"]}]}<\/script>\n<!-- \/ Yoast SEO plugin. -->","yoast_head_json":{"title":"\u041d\u0430\u0448\u0438 \u043f\u0430\u0440\u0442\u043d\u0451\u0440\u044b | Schmidt","robots":{"index":"index","follow":"follow","max-snippet":"max-snippet:-1","max-image-preview":"max-image-preview:large","max-video-preview":"max-video-preview:-1"},"canonical":"https:\/\/estmidt.ee\/ru\/kontakt\/koostoopartnerid\/","og_locale":"ru_RU","og_type":"article","og_title":"\u041d\u0430\u0448\u0438 \u043f\u0430\u0440\u0442\u043d\u0451\u0440\u044b | Schmidt","og_url":"https:\/\/estmidt.ee\/ru\/kontakt\/koostoopartnerid\/","og_site_name":"Schmidt","article_publisher":"https:\/\/www.facebook.com\/SchmidtEstonia\/","article_modified_time":"2020-11-08T20:37:25+00:00","og_image":[{"url":"https:\/\/estmidt.ee\/wp-content\/uploads\/2019\/01\/gagg.png","type":"","width":"","height":""}],"twitter_card":"summary_large_image","schema":{"@context":"https:\/\/schema.org","@graph":[{"@type":"WebPage","@id":"https:\/\/estmidt.ee\/ru\/kontakt\/koostoopartnerid\/","url":"https:\/\/estmidt.ee\/ru\/kontakt\/koostoopartnerid\/","name":"\u041d\u0430\u0448\u0438 \u043f\u0430\u0440\u0442\u043d\u0451\u0440\u044b | Schmidt","isPartOf":{"@id":"https:\/\/estmidt.ee\/#website"},"primaryImageOfPage":{"@id":"https:\/\/estmidt.ee\/ru\/kontakt\/koostoopartnerid\/#primaryimage"},"image":{"@id":"https:\/\/estmidt.ee\/ru\/kontakt\/koostoopartnerid\/#primaryimage"},"thumbnailUrl":"https:\/\/estmidt.ee\/wp-content\/uploads\/2019\/01\/gagg.png","datePublished":"2019-01-31T05:16:03+00:00","dateModified":"2020-11-08T20:37:25+00:00","breadcrumb":{"@id":"https:\/\/estmidt.ee\/ru\/kontakt\/koostoopartnerid\/#breadcrumb"},"inLanguage":"ru-RU","potentialAction":[{"@type":"ReadAction","target":["https:\/\/estmidt.ee\/ru\/kontakt\/koostoopartnerid\/"]}]},{"@type":"ImageObject","inLanguage":"ru-RU","@id":"https:\/\/estmidt.ee\/ru\/kontakt\/koostoopartnerid\/#primaryimage","url":"https:\/\/estmidt.ee\/wp-content\/uploads\/2019\/01\/gagg.png","contentUrl":"https:\/\/estmidt.ee\/wp-content\/uploads\/2019\/01\/gagg.png"},{"@type":"BreadcrumbList","@id":"https:\/\/estmidt.ee\/ru\/kontakt\/koostoopartnerid\/#breadcrumb","itemListElement":[{"@type":"ListItem","position":1,"name":"Home","item":"https:\/\/estmidt.ee\/ru\/"},{"@type":"ListItem","position":2,"name":"\u0413\u0434\u0435 \u043c\u044b \u043d\u0430\u0445\u043e\u0434\u0438\u043c\u0441\u044f","item":"https:\/\/estmidt.ee\/ru\/kontakt\/"},{"@type":"ListItem","position":3,"name":"\u041d\u0430\u0448\u0438 \u043f\u0430\u0440\u0442\u043d\u0451\u0440\u044b"}]},{"@type":"WebSite","@id":"https:\/\/estmidt.ee\/#website","url":"https:\/\/estmidt.ee\/","name":"Schmidt","description":"K\u00f6\u00f6gim\u00f6\u00f6bel Saksa kvaliteediga","publisher":{"@id":"https:\/\/estmidt.ee\/#organization"},"potentialAction":[{"@type":"SearchAction","target":{"@type":"EntryPoint","urlTemplate":"https:\/\/estmidt.ee\/?s={search_term_string}"},"query-input":{"@type":"PropertyValueSpecification","valueRequired":true,"valueName":"search_term_string"}}],"inLanguage":"ru-RU"},{"@type":"Organization","@id":"https:\/\/estmidt.ee\/#organization","name":"Estmidt Grupp O\u00dc","url":"https:\/\/estmidt.ee\/","logo":{"@type":"ImageObject","inLanguage":"ru-RU","@id":"https:\/\/estmidt.ee\/#\/schema\/logo\/image\/","url":"https:\/\/estmidt.ee\/wp-content\/uploads\/2019\/03\/LOGO_CMJN.jpg","contentUrl":"https:\/\/estmidt.ee\/wp-content\/uploads\/2019\/03\/LOGO_CMJN.jpg","width":1024,"height":256,"caption":"Estmidt Grupp O\u00dc"},"image":{"@id":"https:\/\/estmidt.ee\/#\/schema\/logo\/image\/"},"sameAs":["https:\/\/www.facebook.com\/SchmidtEstonia\/","https:\/\/www.instagram.com\/schmidt.and.rm.estonia\/"]}]}},"coauthors":[],"author_meta":{"author_link":"https:\/\/estmidt.ee\/ru\/author\/reedik\/","display_name":"Reedik Lindau"},"relative_dates":{"created":"\u041e\u043f\u0443\u0431\u043b\u0438\u043a\u043e\u0432\u0430\u043d\u043e 7 \u043b\u0435\u0442 \u043d\u0430\u0437\u0430\u0434","modified":"\u041e\u0431\u043d\u043e\u0432\u043b\u0435\u043d\u043e 5 \u043b\u0435\u0442 \u043d\u0430\u0437\u0430\u0434"},"absolute_dates":{"created":"\u041e\u043f\u0443\u0431\u043b\u0438\u043a\u043e\u0432\u0430\u043d\u043e 31 \u044f\u043d\u0432\u0430\u0440\u044f, 2019","modified":"\u041e\u0431\u043d\u043e\u0432\u043b\u0435\u043d\u043e 8 \u043d\u043e\u044f\u0431\u0440\u044f, 2020"},"absolute_dates_time":{"created":"\u041e\u043f\u0443\u0431\u043b\u0438\u043a\u043e\u0432\u0430\u043d\u043e 31 \u044f\u043d\u0432\u0430\u0440\u044f, 2019 7:16 \u0434\u043f","modified":"\u041e\u0431\u043d\u043e\u0432\u043b\u0435\u043d\u043e 8 \u043d\u043e\u044f\u0431\u0440\u044f, 2020 10:37 \u043f\u043f"},"featured_img_caption":"","featured_img":false,"series_order":"","_links":{"self":[{"href":"https:\/\/estmidt.ee\/ru\/wp-json\/wp\/v2\/pages\/2245","targetHints":{"allow":["GET"]}}],"collection":[{"href":"https:\/\/estmidt.ee\/ru\/wp-json\/wp\/v2\/pages"}],"about":[{"href":"https:\/\/estmidt.ee\/ru\/wp-json\/wp\/v2\/types\/page"}],"author":[{"embeddable":true,"href":"https:\/\/estmidt.ee\/ru\/wp-json\/wp\/v2\/users\/4"}],"replies":[{"embeddable":true,"href":"https:\/\/estmidt.ee\/ru\/wp-json\/wp\/v2\/comments?post=2245"}],"version-history":[{"count":7,"href":"https:\/\/estmidt.ee\/ru\/wp-json\/wp\/v2\/pages\/2245\/revisions"}],"predecessor-version":[{"id":9336,"href":"https:\/\/estmidt.ee\/ru\/wp-json\/wp\/v2\/pages\/2245\/revisions\/9336"}],"up":[{"embeddable":true,"href":"https:\/\/estmidt.ee\/ru\/wp-json\/wp\/v2\/pages\/269"}],"wp:attachment":[{"href":"https:\/\/estmidt.ee\/ru\/wp-json\/wp\/v2\/media?parent=2245"}],"curies":[{"name":"wp","href":"https:\/\/api.w.org\/{rel}","templated":true}]}}