{"id":3717,"date":"2019-02-06T12:09:44","date_gmt":"2019-02-06T10:09:44","guid":{"rendered":"https:\/\/www.estmidt.ee\/2019\/riviera-maison\/ettevottest\/"},"modified":"2021-05-01T15:47:40","modified_gmt":"2021-05-01T12:47:40","slug":"ettevottest","status":"publish","type":"page","link":"https:\/\/estmidt.ee\/ru\/riviera-maison\/ettevottest\/","title":{"rendered":"\u0427\u0442\u043e \u0442\u0430\u043a\u043e\u0435 Riviera Maison (RM)"},"content":{"rendered":"\n<figure class=\"wp-block-image size-large\"><a href=\"https:\/\/estmidt.ee\/wp-content\/uploads\/2021\/04\/476980_475810_471570_480190_479610_5033001_5029001_483910_424950_457470_474940_474950_409240_474410_475790.jpg\"><img loading=\"lazy\" decoding=\"async\" width=\"1024\" height=\"567\" src=\"data:image\/gif;base64,R0lGODlhAQABAAAAACH5BAEKAAEALAAAAAABAAEAAAICTAEAOw==\" alt=\"\" class=\"wp-image-10832 lazyload\" sizes=\"auto, (max-width: 1024px) 100vw, 1024px\" data-src=\"https:\/\/estmidt.ee\/wp-content\/uploads\/2021\/04\/476980_475810_471570_480190_479610_5033001_5029001_483910_424950_457470_474940_474950_409240_474410_475790-1024x567.jpg\" data-srcset=\"https:\/\/estmidt.ee\/wp-content\/uploads\/2021\/04\/476980_475810_471570_480190_479610_5033001_5029001_483910_424950_457470_474940_474950_409240_474410_475790-1024x567.jpg 1024w, https:\/\/estmidt.ee\/wp-content\/uploads\/2021\/04\/476980_475810_471570_480190_479610_5033001_5029001_483910_424950_457470_474940_474950_409240_474410_475790-520x288.jpg 520w, https:\/\/estmidt.ee\/wp-content\/uploads\/2021\/04\/476980_475810_471570_480190_479610_5033001_5029001_483910_424950_457470_474940_474950_409240_474410_475790.jpg 1278w\"><\/a><\/figure>\n\n\n\n<div class=\"wp-block-image\"><figure class=\"alignright is-resized\"><img loading=\"lazy\" decoding=\"async\" src=\"data:image\/gif;base64,R0lGODlhAQABAAAAACH5BAEKAAEALAAAAAABAAEAAAICTAEAOw==\" alt=\"\" class=\"wp-image-3036 lazyload\" width=\"133\" height=\"121\" data-src=\"https:\/\/www.estmidt.ee\/wp-content\/uploads\/2019\/02\/logo-rivera-content.png\"><\/figure><\/div>\n\n\n\n<p class=\"has-text-align-left\">Riviera Maison &#8212; \u044d\u0442\u043e \u0432\u0441\u0435\u043c\u0438\u0440\u043d\u043e \u0438\u0437\u0432\u0435\u0441\u0442\u043d\u044b\u0439 \u0431\u0440\u0435\u043d\u0434 \u0438\u0437 \u0413\u043e\u043b\u043b\u0430\u043d\u0434\u0438\u0438, \u043a\u043e\u0442\u043e\u0440\u044b\u0439 \u043f\u0440\u0435\u0434\u043b\u0430\u0433\u0430\u0435\u0442 \u0431\u043e\u043b\u0435\u0435 \u0447\u0435\u043c 3000 \u0440\u0430\u0437\u043b\u0438\u0447\u043d\u044b\u0445 \u043d\u0430\u0438\u043c\u0435\u043d\u043e\u0432\u0430\u043d\u0438\u0439 \u0442\u043e\u0432\u0430\u0440\u043e\u0432, \u043d\u0430\u0447\u0438\u043d\u0430\u044f \u043e\u0442 \u043f\u043e\u0441\u0443\u0434\u044b \u0438 \u0430\u043a\u0441\u0435\u0441\u0441\u0443\u0430\u0440\u043e\u0432 \u0434\u043e \u0440\u0430\u0437\u043b\u0438\u0447\u043d\u044b\u0445 \u043f\u0440\u0435\u0434\u043c\u0435\u0442\u043e\u0432 \u043c\u0435\u0431\u0435\u043b\u0438, \u0442\u0430\u043a\u0438\u0445 \u043a\u0430\u043a \u043a\u043e\u043c\u043e\u0434\u044b, \u0441\u0435\u0440\u0432\u0430\u043d\u0442\u044b, \u0441\u0442\u043e\u043b\u044b \u0438 \u0441\u0442\u043e\u043b\u0438\u043a\u0438, \u043c\u044f\u0433\u043a\u0430\u044f \u043c\u0435\u0431\u0435\u043b\u044c. \u041e\u0441\u043e\u0431\u0435\u043d\u043d\u043e\u0439 \u043f\u043e\u043f\u0443\u043b\u044f\u0440\u043d\u043e\u0441\u0442\u044c\u044e \u043f\u043e\u043b\u044c\u0437\u0443\u044e\u0442\u0441\u044f \u0441\u0442\u0443\u043b\u044c\u044f \u0438 \u043a\u0440\u0435\u0441\u043b\u0430 \u043e\u0442 Riviera Maison. \u0421\u0432\u043e\u0451 \u0432\u0434\u043e\u0445\u043d\u043e\u0432\u0435\u043d\u0438\u0435 \u0434\u0438\u0437\u0430\u0439\u043d\u0435\u0440\u044b \u043a\u043e\u043c\u043f\u0430\u043d\u0438\u0438 \u0447\u0435\u0440\u043f\u0430\u044e\u0442 \u0438\u0437 \u042e\u0436\u043d\u043e\u0439-\u0424\u0440\u0430\u043d\u0446\u0438\u0438 &#8212; \u0444\u0440\u0430\u043d\u0446\u0443\u0437\u0441\u043a\u043e\u0439 \u0440\u0438\u0432\u044c\u0435\u0440\u044b \u0438 \u0421\u0440\u0435\u0434\u0438\u0437\u0435\u043c\u043d\u043e\u0433\u043e \u043c\u043e\u0440\u044f, \u0447\u0442\u043e \u0432\u0441\u044f\u0447\u0435\u0441\u043a\u0438 \u043e\u0442\u0440\u0430\u0436\u0430\u0435\u0442\u0441\u044f \u0432\u043e \u0432\u043d\u0435\u0448\u043d\u0435\u043c \u0432\u0438\u0434\u0435 \u0438 \u0434\u0435\u0442\u0430\u043b\u044f\u0445, \u0434\u0435\u043b\u0430\u044f Riviera Maison \u0441\u0440\u0430\u0437\u0443 \u0436\u0435 \u0443\u0437\u043d\u0430\u0432\u0430\u0435\u043c\u044b\u043c \u0431\u0440\u0435\u043d\u0434\u043e\u043c \u0441\u0440\u0435\u0434\u0438 \u043e\u0441\u0442\u0430\u043b\u044c\u043d\u044b\u0445 \u043f\u0440\u043e\u0438\u0437\u0432\u043e\u0434\u0438\u0442\u0435\u043b\u0435\u0439. \u041d\u0430 \u0432\u0441\u0435 \u0442\u043e\u0432\u0430\u0440\u044b \u0434\u0435\u0439\u0441\u0442\u0432\u0443\u0435\u0442 \u0433\u0430\u0440\u0430\u043d\u0442\u0438\u044f 3 \u0433\u043e\u0434\u0430.                                                                                                            <\/p>\n\n\n\n<h2 class=\"has-text-align-left wp-block-heading\">\u041e\u0442\u043b\u0438\u0447\u0438\u0442\u0435\u043b\u044c\u043d\u044b\u0435 \u043e\u0441\u043e\u0431\u0435\u043d\u043d\u043e\u0441\u0442\u0438 Riviera Maison:<\/h2>\n\n\n\n<ol class=\"wp-block-list\"><li><strong>\u0422\u043e\u0432\u0430\u0440\u044b \u043e\u0442 Riviera Maison \u0445\u0430\u0440\u0430\u043a\u0442\u0435\u0440\u0438\u0437\u0443\u044e\u0442\u0441\u044f \u044d\u0444\u0444\u0435\u043a\u0442\u043d\u044b\u043c\u0438 \u0434\u0435\u0442\u0430\u043b\u044f\u043c\u0438<\/strong><\/li><li><strong>\u0420\u0443\u0447\u043a\u0430 \u043d\u0430 \u0441\u043f\u0438\u043d\u043a\u0435 \u0441\u0442\u0443\u043b\u0430 \u0438\u043b\u0438 \u043a\u0440\u044e\u0447\u043e\u043a \u0434\u043b\u044f \u0441\u0443\u043c\u043a\u0438,\u0432\u0440\u0443\u0447\u043d\u0443\u044e \u0432\u044b\u0448\u0438\u0442\u044b\u0439 \u0442\u0435\u043a\u0441\u0442 \u043d\u0430 \u0434\u0438\u0432\u0430\u043d<\/strong><\/li><li><strong>\u041d\u0435\u043e\u0431\u0440\u0430\u0431\u043e\u0442\u0430\u043d\u043d\u044b\u0435 \u043a\u043e\u043b\u044c\u0446\u0430 \u0438 \u0443\u0437\u043b\u044b \u043d\u0430 \u0434\u0440\u0435\u0432\u0435\u0441\u0438\u043d\u0435<\/strong><\/li><li><strong>\u0420\u0430\u0437\u043b\u0438\u0447\u043d\u043e\u0439 \u0432\u044b\u0441\u043e\u0442\u044b \u0432\u044b\u0434\u0443\u0432\u0430\u0435\u043c\u044b\u0435 \u0432\u0440\u0443\u0447\u043d\u0443\u044e \u0438\u0437\u0434\u0435\u043b\u0438\u044f \u0438\u0437 \u0441\u0442\u0435\u043a\u043b\u0430<\/strong><\/li><li><strong>\u041f\u043e\u0432\u0442\u043e\u0440\u043d\u043e \u043f\u0435\u0440\u0435\u0440\u0430\u0431\u043e\u0442\u0430\u043d\u043d\u0430\u044f \u0434\u0440\u0435\u0432\u0435\u0441\u0438\u043d\u0430<\/strong><\/li><\/ol>\n\n\n\n<p class=\"has-text-align-left\">\u0418\u043c\u0435\u043d\u043d\u043e \u0442\u0430\u043a\u0438\u0435 \u0438\u043d\u0442\u0435\u0440\u0435\u0441\u043d\u044b \u0434\u0435\u0442\u0430\u043b\u0438 \u0434\u0435\u043b\u0430\u044e\u0442 \u043a\u0430\u0436\u0434\u043e\u0435 \u0438\u0437\u0434\u0435\u043b\u0438\u0435 \u0443\u043d\u0438\u043a\u0430\u043b\u044c\u043d\u044b\u043c. \u041d\u0430\u043c \u043d\u0440\u0430\u0432\u0438\u0442\u0441\u044f \u043d\u0430\u0437\u044b\u0432\u0430\u0442\u044c \u0442\u0430\u043a\u0438\u0435 \u043e\u0442\u043b\u0438\u0447\u0438\u0442\u0435\u043b\u044c\u043d\u044b\u0435 \u043e\u0441\u043e\u0431\u0435\u043d\u043d\u043e\u0441\u0442\u0438 \u00ab\u0441\u043e\u0432\u0435\u0440\u0448\u0435\u043d\u043d\u044b\u043c\u0438 \u043d\u0435\u0441\u043e\u0432\u0435\u0440\u0448\u0435\u043d\u0441\u0442\u0432\u0430\u043c\u0438\u00bb. \u0423 \u0432\u0435\u0449\u0435\u0439 Riviera Maison \u0441\u0432\u043e\u0439 \u043e\u0441\u043e\u0431\u0435\u043d\u043d\u044b\u0439 \u0432\u0438\u0434. \u041c\u044b \u043f\u0440\u043e\u0434\u0430\u0451\u043c \u043c\u0435\u0431\u0435\u043b\u044c, \u0443 \u043a\u0442\u043e\u0440\u043e\u0439 \u0441\u043b\u043e\u0436\u0438\u043b\u0430\u0441\u044c \u0441\u0432\u043e\u044f \u0438\u0441\u0442\u043e\u0440\u0438\u044f. \u041e\u0431\u0435\u0434\u0435\u043d\u043d\u044b\u0439 \u0441\u0442\u043e\u043b \u044d\u0442\u043e \u0431\u043e\u043b\u044c\u0448\u0435 \u043d\u0435 \u043f\u0440\u043e\u0441\u0442\u043e \u0441\u0442\u043e\u043b, \u044d\u0442\u043e \u00ab\u0443\u0436\u0438\u043d \u0432 \u043a\u0440\u0443\u0433\u0443 \u0434\u0440\u0443\u0437\u0435\u0439\u00bb. <\/p>\n\n\n\n<p class=\"has-text-align-left\">\u0417\u0430\u0434\u0430\u0447\u0430 Riviera Maison \u0441\u043e\u0437\u0434\u0430\u0432\u0430\u0442\u044c \u044d\u043a\u0441\u043a\u043b\u044e\u0437\u0438\u0432\u043d\u044b\u0435 \u0438\u043d\u0442\u0435\u0440\u044c\u0435\u0440\u044b,\u0438\u0437\u043b\u0443\u0447\u0430\u044e\u0449\u0438\u0435 \u0442\u0435\u043f\u043b\u043e \u0438 \u0443\u044e\u0442. \u041a\u043e\u043b\u043b\u0435\u043a\u0446\u0438\u0438 \u043e\u0431\u043d\u043e\u0432\u043b\u044f\u044e\u0442\u0441\u044f \u0434\u0432\u0430 \u0440\u0430\u0437\u0430 \u0432 \u0433\u043e\u0434,\u0430 \u043d\u043e\u0432\u044b\u0435 \u0442\u043e\u0432\u0430\u0440\u044b \u043f\u043e\u043f\u043e\u043b\u043d\u044f\u044e\u0442 \u0430\u0441\u0441\u043e\u0440\u0442\u0438\u043c\u0435\u043d\u0442 \u043a\u0430\u0436\u0434\u0443\u044e \u043d\u0435\u0434\u0435\u043b\u044e. \u041c\u044b \u0443\u0432\u0435\u0440\u0435\u043d\u043d\u044b, \u0447\u0442\u043e \u043f\u0440\u0438 \u043f\u043e\u043c\u043e\u0449\u0438 \u043d\u0430\u0448\u0438\u0445 \u043a\u043e\u043d\u0441\u0443\u043b\u044c\u0442\u0430\u043d\u0442\u043e\u0432 \u0432\u044b \u043d\u0435\u043f\u0440\u0435\u043c\u0435\u043d\u043d\u043e \u043d\u0430\u0439\u0434\u0451\u0442\u0435 \u043d\u0443\u0436\u043d\u043e\u0435, \u0438\u043d\u0442\u0435\u0440\u0435\u0441\u043d\u043e\u0435 \u0438 \u043d\u0435\u043f\u043e\u0432\u0442\u043e\u0440\u0438\u043c\u043e\u0435&nbsp; \u0440\u0435\u0449\u0435\u043d\u0438\u0435 \u0438\u043c\u0435\u043d\u043d\u043e \u0434\u043b\u044f \u0412\u0430\u0441. \u041f\u043e \u0441\u0441\u044b\u043b\u043a\u0435 \u043d\u0438\u0436\u0435 \u0432\u044b \u043c\u043e\u0436\u0435\u0442\u0435 \u043f\u0435\u0440\u0435\u0439\u0442\u0438 \u043d\u0430 \u0441\u0430\u0439\u0442 Riviera Maison \u0438 \u043e\u0437\u043d\u0430\u043a\u043e\u043c\u0438\u0442\u044c\u0441\u044f \u0441\u043e \u0432\u0441\u0435\u043c\u0438 \u0442\u043e\u0432\u0430\u0440\u0430\u043c\u0438.\u0410 \u043a\u043e\u0433\u0434\u0430 \u0432\u044b\u0431\u043e\u0440 \u0431\u0443\u0434\u0435\u0442 \u0441\u0434\u0435\u043b\u0430\u043d, \u0441\u0432\u044f\u0436\u0438\u0442\u0435\u0441\u044c \u0441 \u043d\u0430\u043c\u0438 \u0438 \u043c\u044b \u0441\u043e\u0441\u0442\u0430\u0432\u0438\u043c \u0432\u0430\u043c \u043b\u0438\u0447\u043d\u043e\u0435 \u043f\u0440\u0435\u0434\u043b\u043e\u0436\u0435\u043d\u0438\u0435, \u043e\u0444\u043e\u0440\u043c\u0438\u0432 \u0437\u0430\u043a\u0430\u0437.<\/p>\n\n\n\n<p><\/p>\n","protected":false},"excerpt":{"rendered":"<p>Riviera Maison &#8212; \u044d\u0442\u043e \u0432\u0441\u0435\u043c\u0438\u0440\u043d\u043e \u0438\u0437\u0432\u0435\u0441\u0442\u043d\u044b\u0439 \u0431\u0440\u0435\u043d\u0434 \u0438\u0437 \u0413\u043e\u043b\u043b\u0430\u043d\u0434\u0438\u0438, \u043a\u043e\u0442\u043e\u0440\u044b\u0439 \u043f\u0440\u0435\u0434\u043b\u0430\u0433\u0430\u0435\u0442 \u0431\u043e\u043b\u0435\u0435 \u0447\u0435\u043c 3000 \u0440\u0430\u0437\u043b\u0438\u0447\u043d\u044b\u0445 \u043d\u0430\u0438\u043c\u0435\u043d\u043e\u0432\u0430\u043d\u0438\u0439 \u0442\u043e\u0432\u0430\u0440\u043e\u0432, \u043d\u0430\u0447\u0438\u043d\u0430\u044f \u043e\u0442 \u043f\u043e\u0441\u0443\u0434\u044b \u0438 \u0430\u043a\u0441\u0435\u0441\u0441\u0443\u0430\u0440\u043e\u0432 \u0434\u043e \u0440\u0430\u0437\u043b\u0438\u0447\u043d\u044b\u0445 \u043f\u0440\u0435\u0434\u043c\u0435\u0442\u043e\u0432&#8230;<\/p>\n","protected":false},"author":4,"featured_media":0,"parent":268,"menu_order":0,"comment_status":"closed","ping_status":"closed","template":"","meta":{"_acf_changed":false,"advgb_blocks_editor_width":"","advgb_blocks_columns_visual_guide":"","footnotes":""},"class_list":["post-3717","page","type-page","status-publish","hentry"],"acf":[],"yoast_head":"<!-- This site is optimized with the Yoast SEO plugin v27.3 - https:\/\/yoast.com\/product\/yoast-seo-wordpress\/ -->\n<title>\u0427\u0442\u043e \u0442\u0430\u043a\u043e\u0435 Riviera Maison (RM) | Schmidt<\/title>\n<meta name=\"robots\" content=\"index, follow, max-snippet:-1, max-image-preview:large, max-video-preview:-1\" \/>\n<link rel=\"canonical\" href=\"https:\/\/estmidt.ee\/ru\/riviera-maison\/ettevottest\/\" \/>\n<meta property=\"og:locale\" content=\"ru_RU\" \/>\n<meta property=\"og:type\" content=\"article\" \/>\n<meta property=\"og:title\" content=\"\u0427\u0442\u043e \u0442\u0430\u043a\u043e\u0435 Riviera Maison (RM) | Schmidt\" \/>\n<meta property=\"og:description\" content=\"Riviera Maison &#8212; \u044d\u0442\u043e \u0432\u0441\u0435\u043c\u0438\u0440\u043d\u043e \u0438\u0437\u0432\u0435\u0441\u0442\u043d\u044b\u0439 \u0431\u0440\u0435\u043d\u0434 \u0438\u0437 \u0413\u043e\u043b\u043b\u0430\u043d\u0434\u0438\u0438, \u043a\u043e\u0442\u043e\u0440\u044b\u0439 \u043f\u0440\u0435\u0434\u043b\u0430\u0433\u0430\u0435\u0442 \u0431\u043e\u043b\u0435\u0435 \u0447\u0435\u043c 3000 \u0440\u0430\u0437\u043b\u0438\u0447\u043d\u044b\u0445 \u043d\u0430\u0438\u043c\u0435\u043d\u043e\u0432\u0430\u043d\u0438\u0439 \u0442\u043e\u0432\u0430\u0440\u043e\u0432, \u043d\u0430\u0447\u0438\u043d\u0430\u044f \u043e\u0442 \u043f\u043e\u0441\u0443\u0434\u044b \u0438 \u0430\u043a\u0441\u0435\u0441\u0441\u0443\u0430\u0440\u043e\u0432 \u0434\u043e \u0440\u0430\u0437\u043b\u0438\u0447\u043d\u044b\u0445 \u043f\u0440\u0435\u0434\u043c\u0435\u0442\u043e\u0432...\" \/>\n<meta property=\"og:url\" content=\"https:\/\/estmidt.ee\/ru\/riviera-maison\/ettevottest\/\" \/>\n<meta property=\"og:site_name\" content=\"Schmidt\" \/>\n<meta property=\"article:publisher\" content=\"https:\/\/www.facebook.com\/SchmidtEstonia\/\" \/>\n<meta property=\"article:modified_time\" content=\"2021-05-01T12:47:40+00:00\" \/>\n<meta property=\"og:image\" content=\"https:\/\/estmidt.ee\/wp-content\/uploads\/2021\/04\/476980_475810_471570_480190_479610_5033001_5029001_483910_424950_457470_474940_474950_409240_474410_475790-1024x567.jpg\" \/>\n<meta name=\"twitter:card\" content=\"summary_large_image\" \/>\n<meta name=\"twitter:label1\" content=\"\u041f\u0440\u0438\u043c\u0435\u0440\u043d\u043e\u0435 \u0432\u0440\u0435\u043c\u044f \u0434\u043b\u044f \u0447\u0442\u0435\u043d\u0438\u044f\" \/>\n\t<meta name=\"twitter:data1\" content=\"2 \u043c\u0438\u043d\u0443\u0442\u044b\" \/>\n<script type=\"application\/ld+json\" class=\"yoast-schema-graph\">{\"@context\":\"https:\\\/\\\/schema.org\",\"@graph\":[{\"@type\":\"WebPage\",\"@id\":\"https:\\\/\\\/estmidt.ee\\\/ru\\\/riviera-maison\\\/ettevottest\\\/\",\"url\":\"https:\\\/\\\/estmidt.ee\\\/ru\\\/riviera-maison\\\/ettevottest\\\/\",\"name\":\"\u0427\u0442\u043e \u0442\u0430\u043a\u043e\u0435 Riviera Maison (RM) | Schmidt\",\"isPartOf\":{\"@id\":\"https:\\\/\\\/estmidt.ee\\\/#website\"},\"primaryImageOfPage\":{\"@id\":\"https:\\\/\\\/estmidt.ee\\\/ru\\\/riviera-maison\\\/ettevottest\\\/#primaryimage\"},\"image\":{\"@id\":\"https:\\\/\\\/estmidt.ee\\\/ru\\\/riviera-maison\\\/ettevottest\\\/#primaryimage\"},\"thumbnailUrl\":\"https:\\\/\\\/estmidt.ee\\\/wp-content\\\/uploads\\\/2021\\\/04\\\/476980_475810_471570_480190_479610_5033001_5029001_483910_424950_457470_474940_474950_409240_474410_475790-1024x567.jpg\",\"datePublished\":\"2019-02-06T10:09:44+00:00\",\"dateModified\":\"2021-05-01T12:47:40+00:00\",\"breadcrumb\":{\"@id\":\"https:\\\/\\\/estmidt.ee\\\/ru\\\/riviera-maison\\\/ettevottest\\\/#breadcrumb\"},\"inLanguage\":\"ru-RU\",\"potentialAction\":[{\"@type\":\"ReadAction\",\"target\":[\"https:\\\/\\\/estmidt.ee\\\/ru\\\/riviera-maison\\\/ettevottest\\\/\"]}]},{\"@type\":\"ImageObject\",\"inLanguage\":\"ru-RU\",\"@id\":\"https:\\\/\\\/estmidt.ee\\\/ru\\\/riviera-maison\\\/ettevottest\\\/#primaryimage\",\"url\":\"https:\\\/\\\/estmidt.ee\\\/wp-content\\\/uploads\\\/2021\\\/04\\\/476980_475810_471570_480190_479610_5033001_5029001_483910_424950_457470_474940_474950_409240_474410_475790-1024x567.jpg\",\"contentUrl\":\"https:\\\/\\\/estmidt.ee\\\/wp-content\\\/uploads\\\/2021\\\/04\\\/476980_475810_471570_480190_479610_5033001_5029001_483910_424950_457470_474940_474950_409240_474410_475790-1024x567.jpg\"},{\"@type\":\"BreadcrumbList\",\"@id\":\"https:\\\/\\\/estmidt.ee\\\/ru\\\/riviera-maison\\\/ettevottest\\\/#breadcrumb\",\"itemListElement\":[{\"@type\":\"ListItem\",\"position\":1,\"name\":\"Home\",\"item\":\"https:\\\/\\\/estmidt.ee\\\/ru\\\/\"},{\"@type\":\"ListItem\",\"position\":2,\"name\":\"RIVIERA MAISON\",\"item\":\"https:\\\/\\\/estmidt.ee\\\/ru\\\/riviera-maison\\\/\"},{\"@type\":\"ListItem\",\"position\":3,\"name\":\"\u0427\u0442\u043e \u0442\u0430\u043a\u043e\u0435 Riviera Maison (RM)\"}]},{\"@type\":\"WebSite\",\"@id\":\"https:\\\/\\\/estmidt.ee\\\/#website\",\"url\":\"https:\\\/\\\/estmidt.ee\\\/\",\"name\":\"Schmidt\",\"description\":\"K\u00f6\u00f6gim\u00f6\u00f6bel Saksa kvaliteediga\",\"publisher\":{\"@id\":\"https:\\\/\\\/estmidt.ee\\\/#organization\"},\"potentialAction\":[{\"@type\":\"SearchAction\",\"target\":{\"@type\":\"EntryPoint\",\"urlTemplate\":\"https:\\\/\\\/estmidt.ee\\\/?s={search_term_string}\"},\"query-input\":{\"@type\":\"PropertyValueSpecification\",\"valueRequired\":true,\"valueName\":\"search_term_string\"}}],\"inLanguage\":\"ru-RU\"},{\"@type\":\"Organization\",\"@id\":\"https:\\\/\\\/estmidt.ee\\\/#organization\",\"name\":\"Estmidt Grupp O\u00dc\",\"url\":\"https:\\\/\\\/estmidt.ee\\\/\",\"logo\":{\"@type\":\"ImageObject\",\"inLanguage\":\"ru-RU\",\"@id\":\"https:\\\/\\\/estmidt.ee\\\/#\\\/schema\\\/logo\\\/image\\\/\",\"url\":\"https:\\\/\\\/estmidt.ee\\\/wp-content\\\/uploads\\\/2019\\\/03\\\/LOGO_CMJN.jpg\",\"contentUrl\":\"https:\\\/\\\/estmidt.ee\\\/wp-content\\\/uploads\\\/2019\\\/03\\\/LOGO_CMJN.jpg\",\"width\":1024,\"height\":256,\"caption\":\"Estmidt Grupp O\u00dc\"},\"image\":{\"@id\":\"https:\\\/\\\/estmidt.ee\\\/#\\\/schema\\\/logo\\\/image\\\/\"},\"sameAs\":[\"https:\\\/\\\/www.facebook.com\\\/SchmidtEstonia\\\/\",\"https:\\\/\\\/www.instagram.com\\\/schmidt.and.rm.estonia\\\/\"]}]}<\/script>\n<!-- \/ Yoast SEO plugin. -->","yoast_head_json":{"title":"\u0427\u0442\u043e \u0442\u0430\u043a\u043e\u0435 Riviera Maison (RM) | Schmidt","robots":{"index":"index","follow":"follow","max-snippet":"max-snippet:-1","max-image-preview":"max-image-preview:large","max-video-preview":"max-video-preview:-1"},"canonical":"https:\/\/estmidt.ee\/ru\/riviera-maison\/ettevottest\/","og_locale":"ru_RU","og_type":"article","og_title":"\u0427\u0442\u043e \u0442\u0430\u043a\u043e\u0435 Riviera Maison (RM) | Schmidt","og_description":"Riviera Maison &#8212; \u044d\u0442\u043e \u0432\u0441\u0435\u043c\u0438\u0440\u043d\u043e \u0438\u0437\u0432\u0435\u0441\u0442\u043d\u044b\u0439 \u0431\u0440\u0435\u043d\u0434 \u0438\u0437 \u0413\u043e\u043b\u043b\u0430\u043d\u0434\u0438\u0438, \u043a\u043e\u0442\u043e\u0440\u044b\u0439 \u043f\u0440\u0435\u0434\u043b\u0430\u0433\u0430\u0435\u0442 \u0431\u043e\u043b\u0435\u0435 \u0447\u0435\u043c 3000 \u0440\u0430\u0437\u043b\u0438\u0447\u043d\u044b\u0445 \u043d\u0430\u0438\u043c\u0435\u043d\u043e\u0432\u0430\u043d\u0438\u0439 \u0442\u043e\u0432\u0430\u0440\u043e\u0432, \u043d\u0430\u0447\u0438\u043d\u0430\u044f \u043e\u0442 \u043f\u043e\u0441\u0443\u0434\u044b \u0438 \u0430\u043a\u0441\u0435\u0441\u0441\u0443\u0430\u0440\u043e\u0432 \u0434\u043e \u0440\u0430\u0437\u043b\u0438\u0447\u043d\u044b\u0445 \u043f\u0440\u0435\u0434\u043c\u0435\u0442\u043e\u0432...","og_url":"https:\/\/estmidt.ee\/ru\/riviera-maison\/ettevottest\/","og_site_name":"Schmidt","article_publisher":"https:\/\/www.facebook.com\/SchmidtEstonia\/","article_modified_time":"2021-05-01T12:47:40+00:00","og_image":[{"url":"https:\/\/estmidt.ee\/wp-content\/uploads\/2021\/04\/476980_475810_471570_480190_479610_5033001_5029001_483910_424950_457470_474940_474950_409240_474410_475790-1024x567.jpg","type":"","width":"","height":""}],"twitter_card":"summary_large_image","twitter_misc":{"\u041f\u0440\u0438\u043c\u0435\u0440\u043d\u043e\u0435 \u0432\u0440\u0435\u043c\u044f \u0434\u043b\u044f \u0447\u0442\u0435\u043d\u0438\u044f":"2 \u043c\u0438\u043d\u0443\u0442\u044b"},"schema":{"@context":"https:\/\/schema.org","@graph":[{"@type":"WebPage","@id":"https:\/\/estmidt.ee\/ru\/riviera-maison\/ettevottest\/","url":"https:\/\/estmidt.ee\/ru\/riviera-maison\/ettevottest\/","name":"\u0427\u0442\u043e \u0442\u0430\u043a\u043e\u0435 Riviera Maison (RM) | Schmidt","isPartOf":{"@id":"https:\/\/estmidt.ee\/#website"},"primaryImageOfPage":{"@id":"https:\/\/estmidt.ee\/ru\/riviera-maison\/ettevottest\/#primaryimage"},"image":{"@id":"https:\/\/estmidt.ee\/ru\/riviera-maison\/ettevottest\/#primaryimage"},"thumbnailUrl":"https:\/\/estmidt.ee\/wp-content\/uploads\/2021\/04\/476980_475810_471570_480190_479610_5033001_5029001_483910_424950_457470_474940_474950_409240_474410_475790-1024x567.jpg","datePublished":"2019-02-06T10:09:44+00:00","dateModified":"2021-05-01T12:47:40+00:00","breadcrumb":{"@id":"https:\/\/estmidt.ee\/ru\/riviera-maison\/ettevottest\/#breadcrumb"},"inLanguage":"ru-RU","potentialAction":[{"@type":"ReadAction","target":["https:\/\/estmidt.ee\/ru\/riviera-maison\/ettevottest\/"]}]},{"@type":"ImageObject","inLanguage":"ru-RU","@id":"https:\/\/estmidt.ee\/ru\/riviera-maison\/ettevottest\/#primaryimage","url":"https:\/\/estmidt.ee\/wp-content\/uploads\/2021\/04\/476980_475810_471570_480190_479610_5033001_5029001_483910_424950_457470_474940_474950_409240_474410_475790-1024x567.jpg","contentUrl":"https:\/\/estmidt.ee\/wp-content\/uploads\/2021\/04\/476980_475810_471570_480190_479610_5033001_5029001_483910_424950_457470_474940_474950_409240_474410_475790-1024x567.jpg"},{"@type":"BreadcrumbList","@id":"https:\/\/estmidt.ee\/ru\/riviera-maison\/ettevottest\/#breadcrumb","itemListElement":[{"@type":"ListItem","position":1,"name":"Home","item":"https:\/\/estmidt.ee\/ru\/"},{"@type":"ListItem","position":2,"name":"RIVIERA MAISON","item":"https:\/\/estmidt.ee\/ru\/riviera-maison\/"},{"@type":"ListItem","position":3,"name":"\u0427\u0442\u043e \u0442\u0430\u043a\u043e\u0435 Riviera Maison (RM)"}]},{"@type":"WebSite","@id":"https:\/\/estmidt.ee\/#website","url":"https:\/\/estmidt.ee\/","name":"Schmidt","description":"K\u00f6\u00f6gim\u00f6\u00f6bel Saksa kvaliteediga","publisher":{"@id":"https:\/\/estmidt.ee\/#organization"},"potentialAction":[{"@type":"SearchAction","target":{"@type":"EntryPoint","urlTemplate":"https:\/\/estmidt.ee\/?s={search_term_string}"},"query-input":{"@type":"PropertyValueSpecification","valueRequired":true,"valueName":"search_term_string"}}],"inLanguage":"ru-RU"},{"@type":"Organization","@id":"https:\/\/estmidt.ee\/#organization","name":"Estmidt Grupp O\u00dc","url":"https:\/\/estmidt.ee\/","logo":{"@type":"ImageObject","inLanguage":"ru-RU","@id":"https:\/\/estmidt.ee\/#\/schema\/logo\/image\/","url":"https:\/\/estmidt.ee\/wp-content\/uploads\/2019\/03\/LOGO_CMJN.jpg","contentUrl":"https:\/\/estmidt.ee\/wp-content\/uploads\/2019\/03\/LOGO_CMJN.jpg","width":1024,"height":256,"caption":"Estmidt Grupp O\u00dc"},"image":{"@id":"https:\/\/estmidt.ee\/#\/schema\/logo\/image\/"},"sameAs":["https:\/\/www.facebook.com\/SchmidtEstonia\/","https:\/\/www.instagram.com\/schmidt.and.rm.estonia\/"]}]}},"coauthors":[],"author_meta":{"author_link":"https:\/\/estmidt.ee\/ru\/author\/reedik\/","display_name":"Reedik Lindau"},"relative_dates":{"created":"\u041e\u043f\u0443\u0431\u043b\u0438\u043a\u043e\u0432\u0430\u043d\u043e 7 \u043b\u0435\u0442 \u043d\u0430\u0437\u0430\u0434","modified":"\u041e\u0431\u043d\u043e\u0432\u043b\u0435\u043d\u043e 5 \u043b\u0435\u0442 \u043d\u0430\u0437\u0430\u0434"},"absolute_dates":{"created":"\u041e\u043f\u0443\u0431\u043b\u0438\u043a\u043e\u0432\u0430\u043d\u043e 6 \u0444\u0435\u0432\u0440\u0430\u043b\u044f, 2019","modified":"\u041e\u0431\u043d\u043e\u0432\u043b\u0435\u043d\u043e 1 \u043c\u0430\u044f, 2021"},"absolute_dates_time":{"created":"\u041e\u043f\u0443\u0431\u043b\u0438\u043a\u043e\u0432\u0430\u043d\u043e 6 \u0444\u0435\u0432\u0440\u0430\u043b\u044f, 2019 12:09 \u043f\u043f","modified":"\u041e\u0431\u043d\u043e\u0432\u043b\u0435\u043d\u043e 1 \u043c\u0430\u044f, 2021 3:47 \u043f\u043f"},"featured_img_caption":"","featured_img":false,"series_order":"","_links":{"self":[{"href":"https:\/\/estmidt.ee\/ru\/wp-json\/wp\/v2\/pages\/3717","targetHints":{"allow":["GET"]}}],"collection":[{"href":"https:\/\/estmidt.ee\/ru\/wp-json\/wp\/v2\/pages"}],"about":[{"href":"https:\/\/estmidt.ee\/ru\/wp-json\/wp\/v2\/types\/page"}],"author":[{"embeddable":true,"href":"https:\/\/estmidt.ee\/ru\/wp-json\/wp\/v2\/users\/4"}],"replies":[{"embeddable":true,"href":"https:\/\/estmidt.ee\/ru\/wp-json\/wp\/v2\/comments?post=3717"}],"version-history":[{"count":10,"href":"https:\/\/estmidt.ee\/ru\/wp-json\/wp\/v2\/pages\/3717\/revisions"}],"predecessor-version":[{"id":11041,"href":"https:\/\/estmidt.ee\/ru\/wp-json\/wp\/v2\/pages\/3717\/revisions\/11041"}],"up":[{"embeddable":true,"href":"https:\/\/estmidt.ee\/ru\/wp-json\/wp\/v2\/pages\/268"}],"wp:attachment":[{"href":"https:\/\/estmidt.ee\/ru\/wp-json\/wp\/v2\/media?parent=3717"}],"curies":[{"name":"wp","href":"https:\/\/api.w.org\/{rel}","templated":true}]}}