{"id":3746,"date":"2019-02-06T12:10:55","date_gmt":"2019-02-06T10:10:55","guid":{"rendered":"https:\/\/www.estmidt.ee\/2019\/riviera-maison\/kuidas-tellida\/"},"modified":"2021-05-01T12:16:40","modified_gmt":"2021-05-01T09:16:40","slug":"kuidas-tellida","status":"publish","type":"page","link":"https:\/\/estmidt.ee\/ru\/riviera-maison\/kuidas-tellida\/","title":{"rendered":"\u041a\u0430\u043a \u0441\u0434\u0435\u043b\u0430\u0442\u044c \u0437\u0430\u043a\u0430\u0437?"},"content":{"rendered":"\n<figure class=\"wp-block-image size-large\"><a href=\"https:\/\/estmidt.ee\/wp-content\/uploads\/2021\/05\/5516011_5517011_5522011_437850_476470_476460_476050_476040_481980_409240_5520011_473950_480490_483930_2-edited.jpg\"><img loading=\"lazy\" decoding=\"async\" width=\"1024\" height=\"579\" src=\"data:image\/gif;base64,R0lGODlhAQABAAAAACH5BAEKAAEALAAAAAABAAEAAAICTAEAOw==\" alt=\"\" class=\"wp-image-11031 lazyload\" sizes=\"auto, (max-width: 1024px) 100vw, 1024px\" data-src=\"https:\/\/estmidt.ee\/wp-content\/uploads\/2021\/05\/5516011_5517011_5522011_437850_476470_476460_476050_476040_481980_409240_5520011_473950_480490_483930_2-edited-1024x579.jpg\" data-srcset=\"https:\/\/estmidt.ee\/wp-content\/uploads\/2021\/05\/5516011_5517011_5522011_437850_476470_476460_476050_476040_481980_409240_5520011_473950_480490_483930_2-edited-1024x579.jpg 1024w, https:\/\/estmidt.ee\/wp-content\/uploads\/2021\/05\/5516011_5517011_5522011_437850_476470_476460_476050_476040_481980_409240_5520011_473950_480490_483930_2-edited-520x294.jpg 520w, https:\/\/estmidt.ee\/wp-content\/uploads\/2021\/05\/5516011_5517011_5522011_437850_476470_476460_476050_476040_481980_409240_5520011_473950_480490_483930_2-edited.jpg 1278w\"><\/a><\/figure>\n\n\n\n<p>\u0414\u043b\u044f \u044d\u0442\u043e\u0433\u043e \u043d\u0430\u0434\u043e: <\/p>\n\n\n\n<ol class=\"wp-block-list\"><li> \u041d\u0430\u0439\u0442\u0438 \u043d\u0443\u0436\u043d\u044b\u0439 \u0442\u043e\u0432\u0430\u0440 \u043d\u0430 \u0441\u0442\u0440\u0430\u043d\u0438\u0446\u0435 <a href=\"https:\/\/rivieramaison.com\">https:\/\/rivieramaison.com<\/a>\/ ;<\/li><li>\u041f\u0440\u043e\u043a\u043e\u043d\u0441\u0443\u043b\u044c\u0442\u0438\u0440\u043e\u0432\u0430\u0442\u044c\u0441\u044f \u0441 \u043d\u0430\u0448\u0438\u043c \u043f\u0440\u043e\u0434\u0430\u0432\u0446\u043e\u043c \u043e \u043d\u0430\u043b\u0438\u0447\u0438\u0438 \u0442\u043e\u0432\u0430\u0440\u0430 \u0438 \u0441\u0440\u043e\u043a\u0430\u0445 \u0435\u0433\u043e \u0437\u0430\u043a\u0430\u0437\u0430;<\/li><li>\u041e\u0444\u043e\u0440\u043c\u0438\u0442\u044c \u0437\u0430\u043a\u0430\u0437;<\/li><li>&#8230;\u0438 \u043f\u043e\u043b\u0443\u0447\u0438\u0432 \u0435\u0433\u043e, \u043d\u0430\u0441\u043b\u0430\u0436\u0434\u0430\u0442\u044c\u0441\u044f!<\/li><\/ol>\n\n\n\n<p>\u0421\u0440\u043e\u043a \u0434\u043e\u0441\u0442\u0430\u0432\u043a\u0438 \u0442\u043e\u0432\u0430\u0440\u0430 \u043c\u043e\u0436\u0435\u0442 \u0440\u0430\u0437\u043d\u0438\u0442\u044c\u0441\u044f.\u0414\u043b\u044f \u0431\u043e\u043b\u0435\u0435 \u0442\u043e\u0447\u043d\u043e\u0439 \u0438\u043d\u0444\u043e\u0440\u043c\u0430\u0446\u0438\u0438 \u0441\u0432\u044f\u0436\u0438\u0442\u0435\u0441\u044c \u0441 \u043d\u0430\u043c\u0438.<\/p>\n","protected":false},"excerpt":{"rendered":"<p>\u0414\u043b\u044f \u044d\u0442\u043e\u0433\u043e \u043d\u0430\u0434\u043e: \u041d\u0430\u0439\u0442\u0438 \u043d\u0443\u0436\u043d\u044b\u0439 \u0442\u043e\u0432\u0430\u0440 \u043d\u0430 \u0441\u0442\u0440\u0430\u043d\u0438\u0446\u0435 https:\/\/rivieramaison.com\/ ; \u041f\u0440\u043e\u043a\u043e\u043d\u0441\u0443\u043b\u044c\u0442\u0438\u0440\u043e\u0432\u0430\u0442\u044c\u0441\u044f \u0441 \u043d\u0430\u0448\u0438\u043c \u043f\u0440\u043e\u0434\u0430\u0432\u0446\u043e\u043c \u043e \u043d\u0430\u043b\u0438\u0447\u0438\u0438 \u0442\u043e\u0432\u0430\u0440\u0430 \u0438 \u0441\u0440\u043e\u043a\u0430\u0445 \u0435\u0433\u043e \u0437\u0430\u043a\u0430\u0437\u0430; \u041e\u0444\u043e\u0440\u043c\u0438\u0442\u044c \u0437\u0430\u043a\u0430\u0437; &#8230;\u0438 \u043f\u043e\u043b\u0443\u0447\u0438\u0432&#8230;<\/p>\n","protected":false},"author":4,"featured_media":0,"parent":268,"menu_order":0,"comment_status":"closed","ping_status":"closed","template":"","meta":{"_acf_changed":false,"advgb_blocks_editor_width":"","advgb_blocks_columns_visual_guide":"","footnotes":""},"class_list":["post-3746","page","type-page","status-publish","hentry"],"acf":[],"yoast_head":"<!-- This site is optimized with the Yoast SEO plugin v27.3 - https:\/\/yoast.com\/product\/yoast-seo-wordpress\/ -->\n<title>\u041a\u0430\u043a \u0441\u0434\u0435\u043b\u0430\u0442\u044c \u0437\u0430\u043a\u0430\u0437? | Schmidt<\/title>\n<meta name=\"robots\" content=\"index, follow, max-snippet:-1, max-image-preview:large, max-video-preview:-1\" \/>\n<link rel=\"canonical\" href=\"https:\/\/estmidt.ee\/ru\/riviera-maison\/kuidas-tellida\/\" \/>\n<meta property=\"og:locale\" content=\"ru_RU\" \/>\n<meta property=\"og:type\" content=\"article\" \/>\n<meta property=\"og:title\" content=\"\u041a\u0430\u043a \u0441\u0434\u0435\u043b\u0430\u0442\u044c \u0437\u0430\u043a\u0430\u0437? | Schmidt\" \/>\n<meta property=\"og:description\" content=\"\u0414\u043b\u044f \u044d\u0442\u043e\u0433\u043e \u043d\u0430\u0434\u043e: \u041d\u0430\u0439\u0442\u0438 \u043d\u0443\u0436\u043d\u044b\u0439 \u0442\u043e\u0432\u0430\u0440 \u043d\u0430 \u0441\u0442\u0440\u0430\u043d\u0438\u0446\u0435 https:\/\/rivieramaison.com\/ ; \u041f\u0440\u043e\u043a\u043e\u043d\u0441\u0443\u043b\u044c\u0442\u0438\u0440\u043e\u0432\u0430\u0442\u044c\u0441\u044f \u0441 \u043d\u0430\u0448\u0438\u043c \u043f\u0440\u043e\u0434\u0430\u0432\u0446\u043e\u043c \u043e \u043d\u0430\u043b\u0438\u0447\u0438\u0438 \u0442\u043e\u0432\u0430\u0440\u0430 \u0438 \u0441\u0440\u043e\u043a\u0430\u0445 \u0435\u0433\u043e \u0437\u0430\u043a\u0430\u0437\u0430; \u041e\u0444\u043e\u0440\u043c\u0438\u0442\u044c \u0437\u0430\u043a\u0430\u0437; &#8230;\u0438 \u043f\u043e\u043b\u0443\u0447\u0438\u0432...\" \/>\n<meta property=\"og:url\" content=\"https:\/\/estmidt.ee\/ru\/riviera-maison\/kuidas-tellida\/\" \/>\n<meta property=\"og:site_name\" content=\"Schmidt\" \/>\n<meta property=\"article:publisher\" content=\"https:\/\/www.facebook.com\/SchmidtEstonia\/\" \/>\n<meta property=\"article:modified_time\" content=\"2021-05-01T09:16:40+00:00\" \/>\n<meta property=\"og:image\" content=\"https:\/\/estmidt.ee\/wp-content\/uploads\/2021\/05\/5516011_5517011_5522011_437850_476470_476460_476050_476040_481980_409240_5520011_473950_480490_483930_2-edited-1024x579.jpg\" \/>\n<meta name=\"twitter:card\" content=\"summary_large_image\" \/>\n<meta name=\"twitter:label1\" content=\"\u041f\u0440\u0438\u043c\u0435\u0440\u043d\u043e\u0435 \u0432\u0440\u0435\u043c\u044f \u0434\u043b\u044f \u0447\u0442\u0435\u043d\u0438\u044f\" \/>\n\t<meta name=\"twitter:data1\" content=\"1 \u043c\u0438\u043d\u0443\u0442\u0430\" \/>\n<script type=\"application\/ld+json\" class=\"yoast-schema-graph\">{\"@context\":\"https:\\\/\\\/schema.org\",\"@graph\":[{\"@type\":\"WebPage\",\"@id\":\"https:\\\/\\\/estmidt.ee\\\/ru\\\/riviera-maison\\\/kuidas-tellida\\\/\",\"url\":\"https:\\\/\\\/estmidt.ee\\\/ru\\\/riviera-maison\\\/kuidas-tellida\\\/\",\"name\":\"\u041a\u0430\u043a \u0441\u0434\u0435\u043b\u0430\u0442\u044c \u0437\u0430\u043a\u0430\u0437? | Schmidt\",\"isPartOf\":{\"@id\":\"https:\\\/\\\/estmidt.ee\\\/#website\"},\"primaryImageOfPage\":{\"@id\":\"https:\\\/\\\/estmidt.ee\\\/ru\\\/riviera-maison\\\/kuidas-tellida\\\/#primaryimage\"},\"image\":{\"@id\":\"https:\\\/\\\/estmidt.ee\\\/ru\\\/riviera-maison\\\/kuidas-tellida\\\/#primaryimage\"},\"thumbnailUrl\":\"https:\\\/\\\/estmidt.ee\\\/wp-content\\\/uploads\\\/2021\\\/05\\\/5516011_5517011_5522011_437850_476470_476460_476050_476040_481980_409240_5520011_473950_480490_483930_2-edited-1024x579.jpg\",\"datePublished\":\"2019-02-06T10:10:55+00:00\",\"dateModified\":\"2021-05-01T09:16:40+00:00\",\"breadcrumb\":{\"@id\":\"https:\\\/\\\/estmidt.ee\\\/ru\\\/riviera-maison\\\/kuidas-tellida\\\/#breadcrumb\"},\"inLanguage\":\"ru-RU\",\"potentialAction\":[{\"@type\":\"ReadAction\",\"target\":[\"https:\\\/\\\/estmidt.ee\\\/ru\\\/riviera-maison\\\/kuidas-tellida\\\/\"]}]},{\"@type\":\"ImageObject\",\"inLanguage\":\"ru-RU\",\"@id\":\"https:\\\/\\\/estmidt.ee\\\/ru\\\/riviera-maison\\\/kuidas-tellida\\\/#primaryimage\",\"url\":\"https:\\\/\\\/estmidt.ee\\\/wp-content\\\/uploads\\\/2021\\\/05\\\/5516011_5517011_5522011_437850_476470_476460_476050_476040_481980_409240_5520011_473950_480490_483930_2-edited-1024x579.jpg\",\"contentUrl\":\"https:\\\/\\\/estmidt.ee\\\/wp-content\\\/uploads\\\/2021\\\/05\\\/5516011_5517011_5522011_437850_476470_476460_476050_476040_481980_409240_5520011_473950_480490_483930_2-edited-1024x579.jpg\"},{\"@type\":\"BreadcrumbList\",\"@id\":\"https:\\\/\\\/estmidt.ee\\\/ru\\\/riviera-maison\\\/kuidas-tellida\\\/#breadcrumb\",\"itemListElement\":[{\"@type\":\"ListItem\",\"position\":1,\"name\":\"Home\",\"item\":\"https:\\\/\\\/estmidt.ee\\\/ru\\\/\"},{\"@type\":\"ListItem\",\"position\":2,\"name\":\"RIVIERA MAISON\",\"item\":\"https:\\\/\\\/estmidt.ee\\\/ru\\\/riviera-maison\\\/\"},{\"@type\":\"ListItem\",\"position\":3,\"name\":\"\u041a\u0430\u043a \u0441\u0434\u0435\u043b\u0430\u0442\u044c \u0437\u0430\u043a\u0430\u0437?\"}]},{\"@type\":\"WebSite\",\"@id\":\"https:\\\/\\\/estmidt.ee\\\/#website\",\"url\":\"https:\\\/\\\/estmidt.ee\\\/\",\"name\":\"Schmidt\",\"description\":\"K\u00f6\u00f6gim\u00f6\u00f6bel Saksa kvaliteediga\",\"publisher\":{\"@id\":\"https:\\\/\\\/estmidt.ee\\\/#organization\"},\"potentialAction\":[{\"@type\":\"SearchAction\",\"target\":{\"@type\":\"EntryPoint\",\"urlTemplate\":\"https:\\\/\\\/estmidt.ee\\\/?s={search_term_string}\"},\"query-input\":{\"@type\":\"PropertyValueSpecification\",\"valueRequired\":true,\"valueName\":\"search_term_string\"}}],\"inLanguage\":\"ru-RU\"},{\"@type\":\"Organization\",\"@id\":\"https:\\\/\\\/estmidt.ee\\\/#organization\",\"name\":\"Estmidt Grupp O\u00dc\",\"url\":\"https:\\\/\\\/estmidt.ee\\\/\",\"logo\":{\"@type\":\"ImageObject\",\"inLanguage\":\"ru-RU\",\"@id\":\"https:\\\/\\\/estmidt.ee\\\/#\\\/schema\\\/logo\\\/image\\\/\",\"url\":\"https:\\\/\\\/estmidt.ee\\\/wp-content\\\/uploads\\\/2019\\\/03\\\/LOGO_CMJN.jpg\",\"contentUrl\":\"https:\\\/\\\/estmidt.ee\\\/wp-content\\\/uploads\\\/2019\\\/03\\\/LOGO_CMJN.jpg\",\"width\":1024,\"height\":256,\"caption\":\"Estmidt Grupp O\u00dc\"},\"image\":{\"@id\":\"https:\\\/\\\/estmidt.ee\\\/#\\\/schema\\\/logo\\\/image\\\/\"},\"sameAs\":[\"https:\\\/\\\/www.facebook.com\\\/SchmidtEstonia\\\/\",\"https:\\\/\\\/www.instagram.com\\\/schmidt.and.rm.estonia\\\/\"]}]}<\/script>\n<!-- \/ Yoast SEO plugin. -->","yoast_head_json":{"title":"\u041a\u0430\u043a \u0441\u0434\u0435\u043b\u0430\u0442\u044c \u0437\u0430\u043a\u0430\u0437? | Schmidt","robots":{"index":"index","follow":"follow","max-snippet":"max-snippet:-1","max-image-preview":"max-image-preview:large","max-video-preview":"max-video-preview:-1"},"canonical":"https:\/\/estmidt.ee\/ru\/riviera-maison\/kuidas-tellida\/","og_locale":"ru_RU","og_type":"article","og_title":"\u041a\u0430\u043a \u0441\u0434\u0435\u043b\u0430\u0442\u044c \u0437\u0430\u043a\u0430\u0437? | Schmidt","og_description":"\u0414\u043b\u044f \u044d\u0442\u043e\u0433\u043e \u043d\u0430\u0434\u043e: \u041d\u0430\u0439\u0442\u0438 \u043d\u0443\u0436\u043d\u044b\u0439 \u0442\u043e\u0432\u0430\u0440 \u043d\u0430 \u0441\u0442\u0440\u0430\u043d\u0438\u0446\u0435 https:\/\/rivieramaison.com\/ ; \u041f\u0440\u043e\u043a\u043e\u043d\u0441\u0443\u043b\u044c\u0442\u0438\u0440\u043e\u0432\u0430\u0442\u044c\u0441\u044f \u0441 \u043d\u0430\u0448\u0438\u043c \u043f\u0440\u043e\u0434\u0430\u0432\u0446\u043e\u043c \u043e \u043d\u0430\u043b\u0438\u0447\u0438\u0438 \u0442\u043e\u0432\u0430\u0440\u0430 \u0438 \u0441\u0440\u043e\u043a\u0430\u0445 \u0435\u0433\u043e \u0437\u0430\u043a\u0430\u0437\u0430; \u041e\u0444\u043e\u0440\u043c\u0438\u0442\u044c \u0437\u0430\u043a\u0430\u0437; &#8230;\u0438 \u043f\u043e\u043b\u0443\u0447\u0438\u0432...","og_url":"https:\/\/estmidt.ee\/ru\/riviera-maison\/kuidas-tellida\/","og_site_name":"Schmidt","article_publisher":"https:\/\/www.facebook.com\/SchmidtEstonia\/","article_modified_time":"2021-05-01T09:16:40+00:00","og_image":[{"url":"https:\/\/estmidt.ee\/wp-content\/uploads\/2021\/05\/5516011_5517011_5522011_437850_476470_476460_476050_476040_481980_409240_5520011_473950_480490_483930_2-edited-1024x579.jpg","type":"","width":"","height":""}],"twitter_card":"summary_large_image","twitter_misc":{"\u041f\u0440\u0438\u043c\u0435\u0440\u043d\u043e\u0435 \u0432\u0440\u0435\u043c\u044f \u0434\u043b\u044f \u0447\u0442\u0435\u043d\u0438\u044f":"1 \u043c\u0438\u043d\u0443\u0442\u0430"},"schema":{"@context":"https:\/\/schema.org","@graph":[{"@type":"WebPage","@id":"https:\/\/estmidt.ee\/ru\/riviera-maison\/kuidas-tellida\/","url":"https:\/\/estmidt.ee\/ru\/riviera-maison\/kuidas-tellida\/","name":"\u041a\u0430\u043a \u0441\u0434\u0435\u043b\u0430\u0442\u044c \u0437\u0430\u043a\u0430\u0437? | Schmidt","isPartOf":{"@id":"https:\/\/estmidt.ee\/#website"},"primaryImageOfPage":{"@id":"https:\/\/estmidt.ee\/ru\/riviera-maison\/kuidas-tellida\/#primaryimage"},"image":{"@id":"https:\/\/estmidt.ee\/ru\/riviera-maison\/kuidas-tellida\/#primaryimage"},"thumbnailUrl":"https:\/\/estmidt.ee\/wp-content\/uploads\/2021\/05\/5516011_5517011_5522011_437850_476470_476460_476050_476040_481980_409240_5520011_473950_480490_483930_2-edited-1024x579.jpg","datePublished":"2019-02-06T10:10:55+00:00","dateModified":"2021-05-01T09:16:40+00:00","breadcrumb":{"@id":"https:\/\/estmidt.ee\/ru\/riviera-maison\/kuidas-tellida\/#breadcrumb"},"inLanguage":"ru-RU","potentialAction":[{"@type":"ReadAction","target":["https:\/\/estmidt.ee\/ru\/riviera-maison\/kuidas-tellida\/"]}]},{"@type":"ImageObject","inLanguage":"ru-RU","@id":"https:\/\/estmidt.ee\/ru\/riviera-maison\/kuidas-tellida\/#primaryimage","url":"https:\/\/estmidt.ee\/wp-content\/uploads\/2021\/05\/5516011_5517011_5522011_437850_476470_476460_476050_476040_481980_409240_5520011_473950_480490_483930_2-edited-1024x579.jpg","contentUrl":"https:\/\/estmidt.ee\/wp-content\/uploads\/2021\/05\/5516011_5517011_5522011_437850_476470_476460_476050_476040_481980_409240_5520011_473950_480490_483930_2-edited-1024x579.jpg"},{"@type":"BreadcrumbList","@id":"https:\/\/estmidt.ee\/ru\/riviera-maison\/kuidas-tellida\/#breadcrumb","itemListElement":[{"@type":"ListItem","position":1,"name":"Home","item":"https:\/\/estmidt.ee\/ru\/"},{"@type":"ListItem","position":2,"name":"RIVIERA MAISON","item":"https:\/\/estmidt.ee\/ru\/riviera-maison\/"},{"@type":"ListItem","position":3,"name":"\u041a\u0430\u043a \u0441\u0434\u0435\u043b\u0430\u0442\u044c \u0437\u0430\u043a\u0430\u0437?"}]},{"@type":"WebSite","@id":"https:\/\/estmidt.ee\/#website","url":"https:\/\/estmidt.ee\/","name":"Schmidt","description":"K\u00f6\u00f6gim\u00f6\u00f6bel Saksa kvaliteediga","publisher":{"@id":"https:\/\/estmidt.ee\/#organization"},"potentialAction":[{"@type":"SearchAction","target":{"@type":"EntryPoint","urlTemplate":"https:\/\/estmidt.ee\/?s={search_term_string}"},"query-input":{"@type":"PropertyValueSpecification","valueRequired":true,"valueName":"search_term_string"}}],"inLanguage":"ru-RU"},{"@type":"Organization","@id":"https:\/\/estmidt.ee\/#organization","name":"Estmidt Grupp O\u00dc","url":"https:\/\/estmidt.ee\/","logo":{"@type":"ImageObject","inLanguage":"ru-RU","@id":"https:\/\/estmidt.ee\/#\/schema\/logo\/image\/","url":"https:\/\/estmidt.ee\/wp-content\/uploads\/2019\/03\/LOGO_CMJN.jpg","contentUrl":"https:\/\/estmidt.ee\/wp-content\/uploads\/2019\/03\/LOGO_CMJN.jpg","width":1024,"height":256,"caption":"Estmidt Grupp O\u00dc"},"image":{"@id":"https:\/\/estmidt.ee\/#\/schema\/logo\/image\/"},"sameAs":["https:\/\/www.facebook.com\/SchmidtEstonia\/","https:\/\/www.instagram.com\/schmidt.and.rm.estonia\/"]}]}},"coauthors":[],"author_meta":{"author_link":"https:\/\/estmidt.ee\/ru\/author\/reedik\/","display_name":"Reedik Lindau"},"relative_dates":{"created":"\u041e\u043f\u0443\u0431\u043b\u0438\u043a\u043e\u0432\u0430\u043d\u043e 7 \u043b\u0435\u0442 \u043d\u0430\u0437\u0430\u0434","modified":"\u041e\u0431\u043d\u043e\u0432\u043b\u0435\u043d\u043e 5 \u043b\u0435\u0442 \u043d\u0430\u0437\u0430\u0434"},"absolute_dates":{"created":"\u041e\u043f\u0443\u0431\u043b\u0438\u043a\u043e\u0432\u0430\u043d\u043e 6 \u0444\u0435\u0432\u0440\u0430\u043b\u044f, 2019","modified":"\u041e\u0431\u043d\u043e\u0432\u043b\u0435\u043d\u043e 1 \u043c\u0430\u044f, 2021"},"absolute_dates_time":{"created":"\u041e\u043f\u0443\u0431\u043b\u0438\u043a\u043e\u0432\u0430\u043d\u043e 6 \u0444\u0435\u0432\u0440\u0430\u043b\u044f, 2019 12:10 \u043f\u043f","modified":"\u041e\u0431\u043d\u043e\u0432\u043b\u0435\u043d\u043e 1 \u043c\u0430\u044f, 2021 12:16 \u043f\u043f"},"featured_img_caption":"","featured_img":false,"series_order":"","_links":{"self":[{"href":"https:\/\/estmidt.ee\/ru\/wp-json\/wp\/v2\/pages\/3746","targetHints":{"allow":["GET"]}}],"collection":[{"href":"https:\/\/estmidt.ee\/ru\/wp-json\/wp\/v2\/pages"}],"about":[{"href":"https:\/\/estmidt.ee\/ru\/wp-json\/wp\/v2\/types\/page"}],"author":[{"embeddable":true,"href":"https:\/\/estmidt.ee\/ru\/wp-json\/wp\/v2\/users\/4"}],"replies":[{"embeddable":true,"href":"https:\/\/estmidt.ee\/ru\/wp-json\/wp\/v2\/comments?post=3746"}],"version-history":[{"count":5,"href":"https:\/\/estmidt.ee\/ru\/wp-json\/wp\/v2\/pages\/3746\/revisions"}],"predecessor-version":[{"id":11039,"href":"https:\/\/estmidt.ee\/ru\/wp-json\/wp\/v2\/pages\/3746\/revisions\/11039"}],"up":[{"embeddable":true,"href":"https:\/\/estmidt.ee\/ru\/wp-json\/wp\/v2\/pages\/268"}],"wp:attachment":[{"href":"https:\/\/estmidt.ee\/ru\/wp-json\/wp\/v2\/media?parent=3746"}],"curies":[{"name":"wp","href":"https:\/\/api.w.org\/{rel}","templated":true}]}}